{"id":46,"date":"2018-01-25T20:43:57","date_gmt":"2018-01-25T20:43:57","guid":{"rendered":"http:\/\/daniel-handel.de\/?page_id=46"},"modified":"2020-02-01T09:15:59","modified_gmt":"2020-02-01T09:15:59","slug":"wahlkreis-hermannsplatz","status":"publish","type":"page","link":"https:\/\/daniel-handel.de\/?page_id=46","title":{"rendered":"Wahlkreis Hermannsplatz"},"content":{"rendered":"<p>[et_pb_section fb_built=&#8221;1&#8243; _builder_version=&#8221;3.22&#8243;][et_pb_row _builder_version=&#8221;3.25&#8243; background_size=&#8221;initial&#8221; background_position=&#8221;top_left&#8221; background_repeat=&#8221;repeat&#8221;][et_pb_column type=&#8221;4_4&#8243; _builder_version=&#8221;3.25&#8243; custom_padding=&#8221;|||&#8221; custom_padding__hover=&#8221;|||&#8221;][et_pb_text _builder_version=&#8221;3.27.4&#8243;]<strong>Wahlkreis Hermannsplatz<\/strong><\/p>\n<p>Der Wahlkreis am Hermannsplatz ist ein ganz besonderer, da er sich \u00fcber drei Stadtteile erstreckt. Zum einem ist da der Teil, der geographisch in der Nordstadt liegt. Man sagt auch \u201ehenger de Bahn\u201c. Das Gebiet reicht bis zum Konrad- Adenauer- Ring\/ Engelbertstr., wird s\u00fcdwestlich vom Nordkanal abgegrenzt und nord\u00f6stlich von der Plankstr und der Wolberostr. bis zur Furth umschlossen. Er umfasst also den Bereich um die Steinhaustra\u00dfe, Ubierstra\u00dfe, Marienstra\u00dfe, J\u00e4gerstra\u00dfe und Kurze Stra\u00dfe. Abgerundet wird dieser Teil des Wahlkreises durch den Park am Kruchensbusch und die Kleing\u00e4rten, die gr\u00fcne Lunge des Quartiers sind.<\/p>\n<p>Zum anderen liegt ein Teil des Wahlkreises zwischen den Bahngleisen, die nach M\u00f6chengladbach (S8) Grevenbroich (RB) und Richtung Dormagen und K\u00f6ln (S11, RE) f\u00fchren. Geographisch umfasst dieser Teil die Stephanssta\u00dfe, Rheydterstra\u00dfe und die Viktoriastra\u00dfe. Ganz besonders zeichnet sich dieser Teil mit der allj\u00e4hrlichen Festlichkeit zum Sch\u00fctzenfest aus. Die Zepplinstra\u00dfe und ihre Bewohner pflegen nicht nur dieses Brauchtum, sondern zelebrieren es auch.<\/p>\n<p>Der dritte Teil ist der Namensgeber des Wahlkreises, der Hermannsplatz selbst. Geographisch kann man ihn mit der Gielenstra\u00dfe, Adolf-Fleckenstra\u00dfe, B\u00fcttgerstra\u00dfe, Breitestra\u00dfe, sowie Sternstra\u00dfe einfassen.<\/p>\n<p>Der Wahlkreis Hermannsplatz ist ein klassisches Wohngebiet mit allen Vorteilen. Zum einen hat man auf der Sternstra\u00dfe, Hermannstra\u00dfe, Breitestra\u00dfe und B\u00fcttgerstra\u00dfe sch\u00f6ne Altbauten, es gibt jedoch auch viele Mehrfamilienh\u00e4user im Wahlkreis. Ebenfalls gibt es Kindebetreuungen und Schulen, die jedes Alter (ab U3) bis zum Abitur begleiten. Auf der Kapitelstra\u00dfe, am Hermannsplatz und auf der Marienstr. gibt es Kinderbetreuungen von 0- 6 Jahren, auf der Sternstr.\/ Breite Str. gibt es zwei Grundschulen (Kreuzschule und Martin- Luther- Schule), auf der Kapitelstr. ein Berufskolleg (Marienhaus) und angrenzend liegen zwei Gymnasien (Quirinus und Marie-Curie) und eine Gesamtschule (Janusz-Korczak). Es sind Einkaufsm\u00f6glichkeiten gegeben, sowie Einzelh\u00e4ndler und Restaurants.<\/p>\n<p>Nicht nur von der geographischen Lage, sondern auch von den Mitb\u00fcrgerinnen und Mitb\u00fcrgern ist der Wahlkreis recht abwechslungsreich. Dies macht ihn unverwechselbar und das ist auch gut so.<br \/>\n[\/et_pb_text][et_pb_code _builder_version=&#8221;4.0.7&#8243; hover_enabled=&#8221;0&#8243;][\/et_pb_code][\/et_pb_column][\/et_pb_row][\/et_pb_section][et_pb_section fb_built=&#8221;1&#8243; _builder_version=&#8221;3.0.100&#8243; background_color=&#8221;#000000&#8243; custom_padding=&#8221;0px|0px|0px|0px&#8221; global_module=&#8221;188&#8243;][et_pb_row module_class=&#8221; et_pb_row_fullwidth et_pb_row_fullwidth&#8221; _builder_version=&#8221;3.25&#8243; background_color=&#8221;#000000&#8243; width=&#8221;89%&#8221; width_tablet=&#8221;80%&#8221; width_phone=&#8221;&#8221; width_last_edited=&#8221;on|desktop&#8221; max_width=&#8221;89%&#8221; max_width_tablet=&#8221;80%&#8221; max_width_phone=&#8221;&#8221; max_width_last_edited=&#8221;on|desktop&#8221; module_alignment=&#8221;right&#8221; custom_margin=&#8221;0px|||&#8221; custom_padding=&#8221;0px|0px|0px|0px&#8221; make_fullwidth=&#8221;on&#8221; column_structure=&#8221;1_4,3_4&#8243;][et_pb_column type=&#8221;1_4&#8243; _builder_version=&#8221;3.25&#8243; custom_padding=&#8221;10px|||&#8221; custom_padding__hover=&#8221;|||&#8221;][et_pb_text _builder_version=&#8221;3.27.4&#8243; custom_padding=&#8221;25px|||&#8221;]<\/p>\n<p>Designed by <a class=\"customize-unpreviewable\" title=\"Premium WordPress Themes\" href=\"http:\/\/www.elegantthemes.com\/\">Elegant Themes<\/a> | Powered by <a class=\"customize-unpreviewable\" href=\"http:\/\/www.wordpress.org\/\">WordPress<\/a><\/p>\n<p>[\/et_pb_text][et_pb_social_media_follow url_new_window=&#8221;off&#8221; _builder_version=&#8221;3.0.100&#8243;][et_pb_social_media_follow_network social_network=&#8221;facebook&#8221; url=&#8221;https:\/\/www.facebook.com\/eleuterio.s.rodriguez&#8221; _builder_version=&#8221;3.0.100&#8243; background_color=&#8221;#3b5998&#8243; follow_button=&#8221;off&#8221; url_new_window=&#8221;off&#8221;]<\/p>\n<p>Facebook<\/p>\n<p>[\/et_pb_social_media_follow_network][et_pb_social_media_follow_network social_network=&#8221;twitter&#8221; url=&#8221;https:\/\/twitter.com\/D_Handel_41460&#8243; _builder_version=&#8221;3.0.100&#8243; background_color=&#8221;#00aced&#8221; follow_button=&#8221;off&#8221; url_new_window=&#8221;off&#8221;]<\/p>\n<p>Twitter<\/p>\n<p>[\/et_pb_social_media_follow_network][et_pb_social_media_follow_network social_network=&#8221;instagram&#8221; url=&#8221;https:\/\/www.instagram.com\/danielhandel.41460\/&#8221; _builder_version=&#8221;3.0.100&#8243; background_color=&#8221;#ea2c59&#8243; follow_button=&#8221;off&#8221; url_new_window=&#8221;off&#8221;]<\/p>\n<p>Instagram<\/p>\n<p>[\/et_pb_social_media_follow_network][et_pb_social_media_follow_network social_network=&#8221;linkedin&#8221; url=&#8221;https:\/\/www.linkedin.com\/feed\/&#8221; _builder_version=&#8221;3.0.100&#8243; background_color=&#8221;#007bb6&#8243; follow_button=&#8221;off&#8221; url_new_window=&#8221;off&#8221;]<\/p>\n<p>LinkedIn<\/p>\n<p>[\/et_pb_social_media_follow_network][\/et_pb_social_media_follow][\/et_pb_column][et_pb_column type=&#8221;3_4&#8243; _builder_version=&#8221;3.25&#8243; custom_padding=&#8221;|||&#8221; custom_padding__hover=&#8221;|||&#8221;][et_pb_image src=&#8221;https:\/\/daniel-handel.de\/wp-content\/uploads\/2018\/02\/skyline_invert.png&#8221; align=&#8221;right&#8221; align_tablet=&#8221;center&#8221; align_last_edited=&#8221;on|desktop&#8221; _builder_version=&#8221;3.23&#8243; custom_padding=&#8221;10px|||&#8221; always_center_on_mobile=&#8221;on&#8221;][\/et_pb_image][\/et_pb_column][\/et_pb_row][\/et_pb_section]<\/p>\n","protected":false},"excerpt":{"rendered":"<p>Wahlkreis Hermannsplatz Der Wahlkreis am Hermannsplatz ist ein ganz besonderer, da er sich \u00fcber drei Stadtteile erstreckt. Zum einem ist da der Teil, der geographisch in der Nordstadt liegt. Man sagt auch \u201ehenger de Bahn\u201c. Das Gebiet reicht bis zum Konrad- Adenauer- Ring\/ Engelbertstr., wird s\u00fcdwestlich vom Nordkanal abgegrenzt und nord\u00f6stlich von der Plankstr und [&hellip;]<\/p>\n","protected":false},"author":1,"featured_media":0,"parent":0,"menu_order":0,"comment_status":"closed","ping_status":"closed","template":"","meta":{"_et_pb_use_builder":"on","_et_pb_old_content":"","_et_gb_content_width":"","footnotes":""},"_links":{"self":[{"href":"https:\/\/daniel-handel.de\/index.php?rest_route=\/wp\/v2\/pages\/46"}],"collection":[{"href":"https:\/\/daniel-handel.de\/index.php?rest_route=\/wp\/v2\/pages"}],"about":[{"href":"https:\/\/daniel-handel.de\/index.php?rest_route=\/wp\/v2\/types\/page"}],"author":[{"embeddable":true,"href":"https:\/\/daniel-handel.de\/index.php?rest_route=\/wp\/v2\/users\/1"}],"replies":[{"embeddable":true,"href":"https:\/\/daniel-handel.de\/index.php?rest_route=%2Fwp%2Fv2%2Fcomments&post=46"}],"version-history":[{"count":6,"href":"https:\/\/daniel-handel.de\/index.php?rest_route=\/wp\/v2\/pages\/46\/revisions"}],"predecessor-version":[{"id":502,"href":"https:\/\/daniel-handel.de\/index.php?rest_route=\/wp\/v2\/pages\/46\/revisions\/502"}],"wp:attachment":[{"href":"https:\/\/daniel-handel.de\/index.php?rest_route=%2Fwp%2Fv2%2Fmedia&parent=46"}],"curies":[{"name":"wp","href":"https:\/\/api.w.org\/{rel}","templated":true}]}}