{"id":52,"date":"2018-01-25T20:44:43","date_gmt":"2018-01-25T20:44:43","guid":{"rendered":"http:\/\/daniel-handel.de\/?page_id=52"},"modified":"2022-03-01T09:01:36","modified_gmt":"2022-03-01T09:01:36","slug":"ueber-mich","status":"publish","type":"page","link":"https:\/\/daniel-handel.de\/?page_id=52","title":{"rendered":"\u00dcber mich"},"content":{"rendered":"<p>[et_pb_section fb_built=&#8221;1&#8243; _builder_version=&#8221;3.22&#8243;][et_pb_row _builder_version=&#8221;3.25&#8243; background_size=&#8221;initial&#8221; background_position=&#8221;top_left&#8221; background_repeat=&#8221;repeat&#8221;][et_pb_column type=&#8221;4_4&#8243; _builder_version=&#8221;3.25&#8243; custom_padding=&#8221;|||&#8221; custom_padding__hover=&#8221;|||&#8221;][et_pb_text admin_label=&#8221;Text&#8221; _builder_version=&#8221;4.0.7&#8243;]<\/p>\n<p><strong>\u00dcber mich<\/strong><\/p>\n<p>Geboren wurde ich 1983 in D\u00fcsseldorf. Dort habe ich auch 28 Jahre lang gelebt, bis mich ein kleines Intermezzo vier Jahre lang ins Bergische Land verschlug. Jedoch verschlug es mich 2015 nach Neuss. Diese Entscheidung habe ich bis heute nicht bereut. So wohne ich jetzt in der Neusser Innenstadt, direkt am Hermannsplatz.<\/p>\n<p><em>\u201eIch bin zwar nicht von Hier, aber Einer von Euch\u201c <\/em><\/p>\n<p>Das sagte mir mal eine inspirierende Pers\u00f6nlichkeit in der SPD. Ich fand es so gut, dass es mir im Ged\u00e4chtnis geblieben ist.<\/p>\n<p>Gelernt habe ich den Beruf des Informationselektronikers. Seit 2011 arbeite ich in einer Wirtschaftssoziet\u00e4t in D\u00fcsseldorf im Bereich IT Print\/Design. Dort begann ich meine Meisterausbildung und seitdem besuche ich in Modulen die Handwerkskammer D\u00fcsseldorf. Eine der vierteiligen Meisterpr\u00fcfungen konnte ich schon ablegen. 2022 ist eine Weitere geplant.<\/p>\n<p>Neben der IT-Technik \u2013 die mich privat genauso begeistert, wie beruflich \u2013 bin ich auch an Sport interessiert. In der Fu\u00dfball Bundesliga dr\u00fccke ich dem 1. FC K\u00f6ln die Daumen. Auch Basketball schaue ich gerne \u2013 meistens bei den BG SHOTS Kaarst B\u00fcttgen. Dar\u00fcber hinaus bin ich ein gro\u00dfer Cineast. Dabei spielt das Genre meistens keine Rolle.<\/p>\n<p><strong>So schloss ich mich dem J\u00e4gerzug Diana 54 an.<\/strong><\/p>\n<p>In Neuss angekommen, hat mich nat\u00fcrlich das Sch\u00fctzenfieber erwischt und ich freue ich mich, wie wohl jeder andere Neusser auf das Sch\u00fctzenfest. Um neue Bekanntschaften zu schlie\u00dfen, lief ich zun\u00e4chst als Gastsch\u00fctze im Sch\u00fctzenlust-Korps mit, sp\u00e4ter habe ich mich aufgrund meines neuen Freundeskreises f\u00fcr das J\u00e4gerkorps entschieden. Dort sind bereits &#8220;alte&#8221; Freunde und schnell fand ich dort neue.<\/p>\n<p>[\/et_pb_text][et_pb_text _builder_version=&#8221;4.0.7&#8243;]<\/p>\n<p><strong>Mein Weg und die SPD<\/strong><\/p>\n<p>Der Weg zur und in der SPD ist schon ein langer Weg. Als ich noch ein Kind war, kommentierte mein Gro\u00dfvater die politischen Debatten im Bundestag. Da er sich nicht \u00fcberreden lie\u00df, in das Kinderprogramm umzuschalten, h\u00f6rte ich beim Spielen immer mit. Die heimischen Debatten waren meistens so gro\u00df, dass noch Tage lang dar\u00fcber gesprochen wurde. Das pr\u00e4gte mich. Mein Politisches Interesse war geboren.<\/p>\n<p>Nach der Schule wollte ich mich politisch engagieren und zog durch alle Couleurs. Die SPD rief mich jedoch immer wieder zur\u00fcck, da die Frage des sozialen Miteinanders nur dort ausreichend gew\u00fcrdigt wird. Mir ist es wichtig, dass man sich in der Gesellschaft nicht an dem St\u00e4rksten orientiert, sondern an dem Schw\u00e4chsten. Das ist mein sozialer Gedanke.<\/p>\n<p>Seit Juli 2005 bin ich also SPD- Mitglied und befasste mich zun\u00e4chst mit deren Leitlinien. <em><strong>Eduard Bernstein<\/strong><\/em>, der zusammen mit August Bebel und Wilhelm Liebknecht den Einigungsparteitag der SDAP mit dem Allgemeinen Deutschen Arbeiterverein von 1875 in Gotha vorbereitete, sagte einmal:<\/p>\n<p style=\"text-align: right;\"><em>\u201eDas Ziel ist mir nichts, die Bewegung ist alles\u201c<\/em><\/p>\n<p>Da wusste ich, dass ich ebenfalls ein Teil dieser Bewegung sein m\u00f6chte.<\/p>\n<p><em><strong>Rosa Luxemburg<\/strong><\/em> lehrte mich aus ihrem Werk \u201eDer proletarische Massenkampf in Deutschland\u201c von 1899, auf die Kleinsten in der Gesellschaft zu achten:<\/p>\n<p style=\"text-align: right;\"><em>\u201eDeshalb sei und bleibe die Revolution unbedingt notwendig. Die SPD m\u00fcsse die F\u00fchrung im Aufbau des n\u00f6tigen Klassenbewusstseins \u00fcbernehmen und die Selbstst\u00e4ndigkeit der Arbeiter f\u00f6rdern, nicht blockieren<\/em>\u201c<\/p>\n<p>Die SPD hat schon viele K\u00e4mpfe f\u00fcr die Arbeiterschaft ausgetragen und verlor nie den Blick f\u00fcr andere Klassen. Das beeindruckte mich sehr.<\/p>\n<p>Erst in Neuss wurde ich jedoch aktiv; passend zur B\u00fcrgermeisterwahl. Denn als ich 2015 nach Neuss zog, sprachen alle von Reiner Breuer, dem neuen, frischen Wind in Neuss. Nachdem ich den Ortsverein Neuss Stadtmitte kennengelernt habe, konnte ich mich selbst \u00fcberzeugen und den B\u00fcrgermeister n\u00e4her kennen lernen. Sein Engagement f\u00fcr die Menschen in Neuss ist ansteckend. Sei es einfach nur f\u00fcr die Nachbarinnen und Nachbarn oder im Wahlkreis. Manchmal sind es die kleinen Dinge, die viel bewirken.<\/p>\n<p>Das ist meine Motivation, mich f\u00fcr das Ehrenamt einzusetzen. Zugegeben es ist nicht immer einfach, da viele Menschen \u201eden Politiker\u201c kritisch sehen.<\/p>\n<p>Kommunalpolitik darf man einfach nicht stiefm\u00fctterlich behandeln. Kommunalpolitik ist mindestens genauso wichtig, wie die gro\u00dfen gesellschaftlichen Debatten im Bund. Denn Kommunalpolitik und ihre Auswirkungen betrifft uns direkt und man wei\u00df sofort, was die Mitb\u00fcrgerinnen und Mitb\u00fcrger dar\u00fcber denken.<\/p>\n<p>Mein Weg, ist der Weg der SPD und ihrer Grunds\u00e4tze. Ob konservativ oder links, jedes Thema muss einzeln betrachtet werden, allerdings im Sinne der B\u00fcrger.<\/p>\n<p>[\/et_pb_text][\/et_pb_column][\/et_pb_row][\/et_pb_section][et_pb_section fb_built=&#8221;1&#8243; _builder_version=&#8221;3.0.100&#8243; background_color=&#8221;#000000&#8243; custom_padding=&#8221;0px|0px|0px|0px&#8221; global_module=&#8221;188&#8243;][et_pb_row module_class=&#8221; et_pb_row_fullwidth et_pb_row_fullwidth&#8221; _builder_version=&#8221;3.25&#8243; background_color=&#8221;#000000&#8243; width=&#8221;89%&#8221; width_tablet=&#8221;80%&#8221; width_phone=&#8221;&#8221; width_last_edited=&#8221;on|desktop&#8221; max_width=&#8221;89%&#8221; max_width_tablet=&#8221;80%&#8221; max_width_phone=&#8221;&#8221; max_width_last_edited=&#8221;on|desktop&#8221; module_alignment=&#8221;right&#8221; custom_margin=&#8221;0px|||&#8221; custom_padding=&#8221;0px|0px|0px|0px&#8221; make_fullwidth=&#8221;on&#8221; column_structure=&#8221;1_4,3_4&#8243;][et_pb_column type=&#8221;1_4&#8243; _builder_version=&#8221;3.25&#8243; custom_padding=&#8221;10px|||&#8221; custom_padding__hover=&#8221;|||&#8221;][et_pb_text _builder_version=&#8221;3.27.4&#8243; custom_padding=&#8221;25px|||&#8221;]<\/p>\n<p>Designed by <a class=\"customize-unpreviewable\" title=\"Premium WordPress Themes\" href=\"http:\/\/www.elegantthemes.com\/\">Elegant Themes<\/a> | Powered by <a class=\"customize-unpreviewable\" href=\"http:\/\/www.wordpress.org\/\">WordPress<\/a><\/p>\n<p>[\/et_pb_text][et_pb_social_media_follow url_new_window=&#8221;off&#8221; _builder_version=&#8221;3.0.100&#8243;][et_pb_social_media_follow_network social_network=&#8221;facebook&#8221; url=&#8221;https:\/\/www.facebook.com\/eleuterio.s.rodriguez&#8221; _builder_version=&#8221;3.0.100&#8243; background_color=&#8221;#3b5998&#8243; follow_button=&#8221;off&#8221; url_new_window=&#8221;off&#8221;]<\/p>\n<p>Facebook<\/p>\n<p>[\/et_pb_social_media_follow_network][et_pb_social_media_follow_network social_network=&#8221;twitter&#8221; url=&#8221;https:\/\/twitter.com\/D_Handel_41460&#8243; _builder_version=&#8221;3.0.100&#8243; background_color=&#8221;#00aced&#8221; follow_button=&#8221;off&#8221; url_new_window=&#8221;off&#8221;]<\/p>\n<p>Twitter<\/p>\n<p>[\/et_pb_social_media_follow_network][et_pb_social_media_follow_network social_network=&#8221;instagram&#8221; url=&#8221;https:\/\/www.instagram.com\/danielhandel.41460\/&#8221; _builder_version=&#8221;3.0.100&#8243; background_color=&#8221;#ea2c59&#8243; follow_button=&#8221;off&#8221; url_new_window=&#8221;off&#8221;]<\/p>\n<p>Instagram<\/p>\n<p>[\/et_pb_social_media_follow_network][et_pb_social_media_follow_network social_network=&#8221;linkedin&#8221; url=&#8221;https:\/\/www.linkedin.com\/feed\/&#8221; _builder_version=&#8221;3.0.100&#8243; background_color=&#8221;#007bb6&#8243; follow_button=&#8221;off&#8221; url_new_window=&#8221;off&#8221;]<\/p>\n<p>LinkedIn<\/p>\n<p>[\/et_pb_social_media_follow_network][\/et_pb_social_media_follow][\/et_pb_column][et_pb_column type=&#8221;3_4&#8243; _builder_version=&#8221;3.25&#8243; custom_padding=&#8221;|||&#8221; custom_padding__hover=&#8221;|||&#8221;][et_pb_image src=&#8221;https:\/\/daniel-handel.de\/wp-content\/uploads\/2018\/02\/skyline_invert.png&#8221; align=&#8221;right&#8221; align_tablet=&#8221;center&#8221; align_last_edited=&#8221;on|desktop&#8221; _builder_version=&#8221;3.23&#8243; custom_padding=&#8221;10px|||&#8221; always_center_on_mobile=&#8221;on&#8221;][\/et_pb_image][\/et_pb_column][\/et_pb_row][\/et_pb_section]<\/p>\n","protected":false},"excerpt":{"rendered":"<p>\u00dcber mich Geboren wurde ich 1983 in D\u00fcsseldorf. Dort habe ich auch 28 Jahre lang gelebt, bis mich ein kleines Intermezzo vier Jahre lang ins Bergische Land verschlug. Jedoch verschlug es mich 2015 nach Neuss. Diese Entscheidung habe ich bis heute nicht bereut. So wohne ich jetzt in der Neusser Innenstadt, direkt am Hermannsplatz. \u201eIch [&hellip;]<\/p>\n","protected":false},"author":1,"featured_media":0,"parent":44,"menu_order":1,"comment_status":"closed","ping_status":"closed","template":"","meta":{"_et_pb_use_builder":"on","_et_pb_old_content":"","_et_gb_content_width":"","footnotes":""},"_links":{"self":[{"href":"https:\/\/daniel-handel.de\/index.php?rest_route=\/wp\/v2\/pages\/52"}],"collection":[{"href":"https:\/\/daniel-handel.de\/index.php?rest_route=\/wp\/v2\/pages"}],"about":[{"href":"https:\/\/daniel-handel.de\/index.php?rest_route=\/wp\/v2\/types\/page"}],"author":[{"embeddable":true,"href":"https:\/\/daniel-handel.de\/index.php?rest_route=\/wp\/v2\/users\/1"}],"replies":[{"embeddable":true,"href":"https:\/\/daniel-handel.de\/index.php?rest_route=%2Fwp%2Fv2%2Fcomments&post=52"}],"version-history":[{"count":9,"href":"https:\/\/daniel-handel.de\/index.php?rest_route=\/wp\/v2\/pages\/52\/revisions"}],"predecessor-version":[{"id":583,"href":"https:\/\/daniel-handel.de\/index.php?rest_route=\/wp\/v2\/pages\/52\/revisions\/583"}],"up":[{"embeddable":true,"href":"https:\/\/daniel-handel.de\/index.php?rest_route=\/wp\/v2\/pages\/44"}],"wp:attachment":[{"href":"https:\/\/daniel-handel.de\/index.php?rest_route=%2Fwp%2Fv2%2Fmedia&parent=52"}],"curies":[{"name":"wp","href":"https:\/\/api.w.org\/{rel}","templated":true}]}}